{"id":13,"date":"2021-07-05T15:49:52","date_gmt":"2021-07-05T18:49:52","guid":{"rendered":"https:\/\/www.plottier.gob.ar\/cursos-licencia-de-conducir\/?page_id=13"},"modified":"2021-07-22T16:46:08","modified_gmt":"2021-07-22T19:46:08","slug":"ingreso","status":"publish","type":"page","link":"https:\/\/www.plottier.gob.ar\/cursos-licencia-de-conducir\/ingreso\/","title":{"rendered":"Ingreso"},"content":{"rendered":"\t\t<div data-elementor-type=\"wp-page\" data-elementor-id=\"13\" data-post-id=\"13\" data-obj-id=\"13\" class=\"elementor elementor-13 dce-elementor-post-13\" data-elementor-settings=\"[]\">\n\t\t\t\t\t\t\t<div class=\"elementor-section-wrap\">\n\t\t\t\t\t\t\t<section class=\"has_ae_slider elementor-section elementor-top-section elementor-element elementor-element-35bc79d0 elementor-section-boxed elementor-section-height-default elementor-section-height-default ae-bg-gallery-type-default\" data-id=\"35bc79d0\" data-element_type=\"section\">\n\t\t\t\t\t\t<div class=\"elementor-container elementor-column-gap-default\">\n\t\t\t\t\t<div class=\"has_ae_slider elementor-column elementor-col-100 elementor-top-column elementor-element elementor-element-45a5da45 ae-bg-gallery-type-default\" data-id=\"45a5da45\" data-element_type=\"column\">\n\t\t\t<div class=\"elementor-widget-wrap elementor-element-populated\">\n\t\t\t\t\t\t\t\t<div class=\"elementor-element elementor-element-78a015b elementor-widget elementor-widget-heading\" data-id=\"78a015b\" data-element_type=\"widget\" data-widget_type=\"heading.default\">\n\t\t\t\t<div class=\"elementor-widget-container\">\n\t\t\t<h2 class=\"elementor-heading-title elementor-size-default\">Ingres\u00e1<\/h2>\t\t<\/div>\n\t\t\t\t<\/div>\n\t\t\t\t<div class=\"elementor-element elementor-element-3bf9fc7 elementor-widget elementor-widget-text-editor\" data-id=\"3bf9fc7\" data-element_type=\"widget\" data-widget_type=\"text-editor.default\">\n\t\t\t\t<div class=\"elementor-widget-container\">\n\t\t\t\t\t\t\t<p>Sino ten\u00e9s usuario hac\u00e9 click en el bot\u00f3n registrarse y complet\u00e1 los datos.<\/p>\t\t\t\t\t\t<\/div>\n\t\t\t\t<\/div>\n\t\t\t\t<div class=\"elementor-element elementor-element-f4d293b elementor-widget elementor-widget-shortcode\" data-id=\"f4d293b\" data-element_type=\"widget\" data-widget_type=\"shortcode.default\">\n\t\t\t\t<div class=\"elementor-widget-container\">\n\t\t\t\t\t<div class=\"elementor-shortcode\">\r\n<div class=\"um um-login um-10\">\r\n\r\n\t<div class=\"um-form\">\r\n\r\n\t\t<form method=\"post\" action=\"\" autocomplete=\"off\">\r\n\r\n\t\t\t<div class=\"um-row _um_row_1 \" style=\"margin: 0 0 30px 0;\"><div class=\"um-col-1\"><div  id=\"um_field_10_username\" class=\"um-field um-field-text  um-field-username um-field-text um-field-type_text\" data-key=\"username\"><div class=\"um-field-label\"><label for=\"username-10\">Username or E-mail<\/label><div class=\"um-clear\"><\/div><\/div><div class=\"um-field-area\"><input  autocomplete=\"off\" class=\"um-form-field valid \" type=\"text\" name=\"username-10\" id=\"username-10\" value=\"\" placeholder=\"\" data-validate=\"unique_username_or_email\" data-key=\"username\" \/>\r\n\r\n\t\t\t\t\t\t<\/div><\/div><div  id=\"um_field_10_user_password\" class=\"um-field um-field-password  um-field-user_password um-field-password um-field-type_password\" data-key=\"user_password\"><div class=\"um-field-label\"><label for=\"user_password-10\">Password<\/label><div class=\"um-clear\"><\/div><\/div><div class=\"um-field-area\"><input class=\"um-form-field valid \" type=\"password\" name=\"user_password-10\" id=\"user_password-10\" value=\"\" placeholder=\"\" data-validate=\"\" data-key=\"user_password\" \/>\r\n\r\n\t\t\t\t\t\t<\/div><\/div><\/div><\/div>\t\t<input type=\"hidden\" name=\"form_id\" id=\"form_id_10\" value=\"10\" \/>\r\n\t\r\n\t<p class=\"um_request_name\">\r\n\t\t<label for=\"um_request_10\">Only fill in if you are not human<\/label>\r\n\t\t<input type=\"hidden\" name=\"um_request\" id=\"um_request_10\" class=\"input\" value=\"\" size=\"25\" autocomplete=\"off\" \/>\r\n\t<\/p>\r\n\r\n\t<input type=\"hidden\" id=\"_wpnonce\" name=\"_wpnonce\" value=\"418ac653c2\" \/><input type=\"hidden\" name=\"_wp_http_referer\" value=\"\/cursos-licencia-de-conducir\/wp-json\/wp\/v2\/pages\/13\" \/>\r\n\t<div class=\"um-col-alt\">\r\n\r\n\t\t\r\n\r\n\t\t\t<div class=\"um-field um-field-c\">\r\n\t\t\t\t<div class=\"um-field-area\">\r\n\t\t\t\t\t<label class=\"um-field-checkbox\">\r\n\t\t\t\t\t\t<input type=\"checkbox\" name=\"rememberme\" value=\"1\"  \/>\r\n\t\t\t\t\t\t<span class=\"um-field-checkbox-state\"><i class=\"um-icon-android-checkbox-outline-blank\"><\/i><\/span>\r\n\t\t\t\t\t\t<span class=\"um-field-checkbox-option\"> Keep me signed in<\/span>\r\n\t\t\t\t\t<\/label>\r\n\t\t\t\t<\/div>\r\n\t\t\t<\/div>\r\n\r\n\t\t\t\t\t\t<div class=\"um-clear\"><\/div>\r\n\t\t\r\n\t\t\t<div class=\"um-left um-half\">\r\n\t\t\t\t<input type=\"submit\" value=\"Login\" class=\"um-button\" id=\"um-submit-btn\" \/>\r\n\t\t\t<\/div>\r\n\t\t\t<div class=\"um-right um-half\">\r\n\t\t\t\t<a href=\"https:\/\/www.plottier.gob.ar\/cursos-licencia-de-conducir\/registro\/\" class=\"um-button um-alt\">\r\n\t\t\t\t\tRegister\t\t\t\t<\/a>\r\n\t\t\t<\/div>\r\n\r\n\t\t\r\n\t\t<div class=\"um-clear\"><\/div>\r\n\r\n\t<\/div>\r\n\r\n\t\r\n\t<div class=\"um-col-alt-b\">\r\n\t\t<a href=\"https:\/\/www.plottier.gob.ar\/cursos-licencia-de-conducir\/restablecer-la-contrasena\/\" class=\"um-link-alt\">\r\n\t\t\tForgot your password?\t\t<\/a>\r\n\t<\/div>\r\n\r\n\t\r\n\t\t<\/form>\r\n\r\n\t<\/div>\r\n\r\n<\/div><style type=\"text\/css\">\n.um-10.um {\n\tmax-width: 450px;\n}<\/style>\n<\/div>\n\t\t\t\t<\/div>\n\t\t\t\t<\/div>\n\t\t\t\t\t<\/div>\n\t\t<\/div>\n\t\t\t\t\t\t\t<\/div>\n\t\t<\/section>\n\t\t\t\t\t\t<\/div>\n\t\t\t\t\t<\/div>\n\t\t","protected":false},"excerpt":{"rendered":"<p>Ingres\u00e1 Sino ten\u00e9s usuario hac\u00e9 click en el bot\u00f3n registrarse y complet\u00e1 los datos.<\/p>\n","protected":false},"author":1,"featured_media":0,"parent":0,"menu_order":0,"comment_status":"closed","ping_status":"closed","template":"","meta":{"footnotes":""},"class_list":["post-13","page","type-page","status-publish","hentry"],"acf":[],"_links":{"self":[{"href":"https:\/\/www.plottier.gob.ar\/cursos-licencia-de-conducir\/wp-json\/wp\/v2\/pages\/13","targetHints":{"allow":["GET"]}}],"collection":[{"href":"https:\/\/www.plottier.gob.ar\/cursos-licencia-de-conducir\/wp-json\/wp\/v2\/pages"}],"about":[{"href":"https:\/\/www.plottier.gob.ar\/cursos-licencia-de-conducir\/wp-json\/wp\/v2\/types\/page"}],"author":[{"embeddable":true,"href":"https:\/\/www.plottier.gob.ar\/cursos-licencia-de-conducir\/wp-json\/wp\/v2\/users\/1"}],"replies":[{"embeddable":true,"href":"https:\/\/www.plottier.gob.ar\/cursos-licencia-de-conducir\/wp-json\/wp\/v2\/comments?post=13"}],"version-history":[{"count":0,"href":"https:\/\/www.plottier.gob.ar\/cursos-licencia-de-conducir\/wp-json\/wp\/v2\/pages\/13\/revisions"}],"wp:attachment":[{"href":"https:\/\/www.plottier.gob.ar\/cursos-licencia-de-conducir\/wp-json\/wp\/v2\/media?parent=13"}],"curies":[{"name":"wp","href":"https:\/\/api.w.org\/{rel}","templated":true}]}}